{"id":6,"date":"2009-03-28T16:22:39","date_gmt":"2009-03-28T16:22:39","guid":{"rendered":"http:\/\/rundumdiewelt.chris-kurbjuhn.de\/?page_id=6"},"modified":"2018-05-26T14:46:44","modified_gmt":"2018-05-26T14:46:44","slug":"about","status":"publish","type":"page","link":"http:\/\/rundumdiewelt.chris-kurbjuhn.de\/about\/","title":{"rendered":"Was das?"},"content":{"rendered":"<div id=\"attachment_880\" style=\"width: 235px\" class=\"wp-caption alignleft\"><a href=\"http:\/\/exyl.files.wordpress.com\/2009\/03\/gedc0127.jpg\"><img loading=\"lazy\" decoding=\"async\" aria-describedby=\"caption-attachment-880\" class=\"size-medium wp-image-880\" title=\"Chris Kurbjuhn\" src=\"http:\/\/exyl.files.wordpress.com\/2009\/03\/gedc0127.jpg?w=225\" alt=\"\" width=\"225\" height=\"300\" \/><\/a><p id=\"caption-attachment-880\" class=\"wp-caption-text\">Chris Kurbjuhn<\/p><\/div>\n<p>Seit Sommer 2007 ver\u00f6ffentliche ich kleine, subjektiv geschriebene Beitr\u00e4ge \u00fcber Restaurants, Kneipen, Sehensw\u00fcrdigkeiten, Dienstleister usw. auf dem Bewertungsportal <a href=\"http:\/\/www.qype.de\" target=\"_blank\" rel=\"noopener\">qype<\/a>. Da es qype seinen Nutzern gelegentlich sehr schwer macht, sich dort noch wohlzuf\u00fchlen, habe ich meine Beitr\u00e4ge von qype nach hier r\u00fcberkopiert, um f\u00fcr alle Eventualit\u00e4ten gewappnet zu sein. Mittlerweile ist qype von einer anderen Firma \u00fcbernommen worden. Schon vor der \u00dcbernahme war&#8217;s mir dort zu bl\u00f6d geworden, meine Beitr\u00e4ge und die, die in den letzten Jahren dazugekommen sind, stehen jetzt hier.<br \/>\nWer wissen m\u00f6chte, wer dieser Chris Kurbjuhn ist, der sich mit der <del datetime=\"2009-04-01T18:37:27+00:00\">geduldigsten<\/del> gro\u00dfartigsten Gemahlin von allen durch die Welt frisst, kann ja mal in meiner <a href=\"http:\/\/www.chris-kurbjuhn.de\">Netzecke<\/a> vorbeischauen. Au\u00dferdem schreibe ich fast t\u00e4glich \u00fcber und f\u00fcr M\u00e4nner bei &#8222;<a href=\"http:\/\/blog.nassrasur.com\">M\u00e4nner unter sich<\/a>&#8222;.<br \/>\nDies ist ein rein privates Blog. Ich verdiene damit kein Geld, ich werbe f\u00fcr keine Dienste, die ich anbiete.<\/p>\n","protected":false},"excerpt":{"rendered":"<p>Seit Sommer 2007 ver\u00f6ffentliche ich kleine, subjektiv geschriebene Beitr\u00e4ge \u00fcber Restaurants, Kneipen, Sehensw\u00fcrdigkeiten, Dienstleister usw. auf dem Bewertungsportal qype. Da es qype seinen Nutzern gelegentlich sehr schwer macht, sich dort noch wohlzuf\u00fchlen, habe ich meine Beitr\u00e4ge von qype nach hier &hellip; <a href=\"http:\/\/rundumdiewelt.chris-kurbjuhn.de\/about\/\">Weiterlesen <span class=\"meta-nav\">&rarr;<\/span><\/a><\/p>\n","protected":false},"author":2,"featured_media":0,"parent":0,"menu_order":0,"comment_status":"open","ping_status":"closed","template":"","meta":{"_crdt_document":"","footnotes":""},"class_list":["post-6","page","type-page","status-publish","hentry"],"_links":{"self":[{"href":"http:\/\/rundumdiewelt.chris-kurbjuhn.de\/wp-json\/wp\/v2\/pages\/6","targetHints":{"allow":["GET"]}}],"collection":[{"href":"http:\/\/rundumdiewelt.chris-kurbjuhn.de\/wp-json\/wp\/v2\/pages"}],"about":[{"href":"http:\/\/rundumdiewelt.chris-kurbjuhn.de\/wp-json\/wp\/v2\/types\/page"}],"author":[{"embeddable":true,"href":"http:\/\/rundumdiewelt.chris-kurbjuhn.de\/wp-json\/wp\/v2\/users\/2"}],"replies":[{"embeddable":true,"href":"http:\/\/rundumdiewelt.chris-kurbjuhn.de\/wp-json\/wp\/v2\/comments?post=6"}],"version-history":[{"count":0,"href":"http:\/\/rundumdiewelt.chris-kurbjuhn.de\/wp-json\/wp\/v2\/pages\/6\/revisions"}],"wp:attachment":[{"href":"http:\/\/rundumdiewelt.chris-kurbjuhn.de\/wp-json\/wp\/v2\/media?parent=6"}],"curies":[{"name":"wp","href":"https:\/\/api.w.org\/{rel}","templated":true}]}}